{"id":15,"date":"2025-09-09T14:39:54","date_gmt":"2025-09-09T12:39:54","guid":{"rendered":"https:\/\/business.blackfire.eu\/?page_id=15"},"modified":"2025-12-17T13:26:35","modified_gmt":"2025-12-17T12:26:35","slug":"blackfire-europas-partner-fuer-trading-cards-brettspiele-und-zubehoer-aus-dem-ruhrgebiet","status":"publish","type":"page","link":"https:\/\/business.blackfire.eu\/de\/","title":{"rendered":"Startseite"},"content":{"rendered":"","protected":false},"excerpt":{"rendered":"","protected":false},"author":2,"featured_media":0,"parent":0,"menu_order":0,"comment_status":"closed","ping_status":"closed","template":"template_acf.php","meta":{"_acf_changed":false,"footnotes":""},"class_list":["post-15","page","type-page","status-publish","hentry"],"acf":[],"yoast_head":"<!-- This site is optimized with the Yoast SEO plugin v26.4 - https:\/\/yoast.com\/wordpress\/plugins\/seo\/ -->\n<title>Startseite - Blackfire<\/title>\n<meta name=\"description\" content=\"Mit Leidenschaft f\u00fcr Spiele und logistischer Power aus dem Ruhrgebiet bringt Blackfire Marken, H\u00e4ndler und Communities zusammen. Von Trading Cards \u00fcber Brettspiele bis Zubeh\u00f6r \u2013 wir liefern europaweit, schaffen Erlebnisse und vernetzen Marken mit Fans.\" \/>\n<meta name=\"robots\" content=\"index, follow, max-snippet:-1, max-image-preview:large, max-video-preview:-1\" \/>\n<link rel=\"canonical\" href=\"https:\/\/business.blackfire.eu\/de\/\" \/>\n<meta property=\"og:locale\" content=\"de_DE\" \/>\n<meta property=\"og:type\" content=\"article\" \/>\n<meta property=\"og:title\" content=\"Startseite - Blackfire\" \/>\n<meta property=\"og:description\" content=\"Mit Leidenschaft f\u00fcr Spiele und logistischer Power aus dem Ruhrgebiet bringt Blackfire Marken, H\u00e4ndler und Communities zusammen. Von Trading Cards \u00fcber Brettspiele bis Zubeh\u00f6r \u2013 wir liefern europaweit, schaffen Erlebnisse und vernetzen Marken mit Fans.\" \/>\n<meta property=\"og:url\" content=\"https:\/\/business.blackfire.eu\/de\/\" \/>\n<meta property=\"og:site_name\" content=\"Blackfire\" \/>\n<meta property=\"article:modified_time\" content=\"2025-12-17T12:26:35+00:00\" \/>\n<meta name=\"twitter:card\" content=\"summary_large_image\" \/>\n<script type=\"application\/ld+json\" class=\"yoast-schema-graph\">{\"@context\":\"https:\/\/schema.org\",\"@graph\":[{\"@type\":\"WebPage\",\"@id\":\"https:\/\/business.blackfire.eu\/de\/\",\"url\":\"https:\/\/business.blackfire.eu\/de\/\",\"name\":\"Startseite - Blackfire\",\"isPartOf\":{\"@id\":\"https:\/\/business.blackfire.eu\/de\/#website\"},\"datePublished\":\"2025-09-09T12:39:54+00:00\",\"dateModified\":\"2025-12-17T12:26:35+00:00\",\"description\":\"Mit Leidenschaft f\u00fcr Spiele und logistischer Power aus dem Ruhrgebiet bringt Blackfire Marken, H\u00e4ndler und Communities zusammen. Von Trading Cards \u00fcber Brettspiele bis Zubeh\u00f6r \u2013 wir liefern europaweit, schaffen Erlebnisse und vernetzen Marken mit Fans.\",\"breadcrumb\":{\"@id\":\"https:\/\/business.blackfire.eu\/de\/#breadcrumb\"},\"inLanguage\":\"de\",\"potentialAction\":[{\"@type\":\"ReadAction\",\"target\":[\"https:\/\/business.blackfire.eu\/de\/\"]}]},{\"@type\":\"BreadcrumbList\",\"@id\":\"https:\/\/business.blackfire.eu\/de\/#breadcrumb\",\"itemListElement\":[{\"@type\":\"ListItem\",\"position\":1,\"name\":\"Startseite\",\"item\":\"https:\/\/business.blackfire.eu\/de\/\"},{\"@type\":\"ListItem\",\"position\":2,\"name\":\"Startseite\"}]},{\"@type\":\"WebSite\",\"@id\":\"https:\/\/business.blackfire.eu\/de\/#website\",\"url\":\"https:\/\/business.blackfire.eu\/de\/\",\"name\":\"Blackfire\",\"description\":\"\",\"potentialAction\":[{\"@type\":\"SearchAction\",\"target\":{\"@type\":\"EntryPoint\",\"urlTemplate\":\"https:\/\/business.blackfire.eu\/de\/?s={search_term_string}\"},\"query-input\":{\"@type\":\"PropertyValueSpecification\",\"valueRequired\":true,\"valueName\":\"search_term_string\"}}],\"inLanguage\":\"de\"}]}<\/script>\n<!-- \/ Yoast SEO plugin. -->","yoast_head_json":{"title":"Startseite - Blackfire","description":"Mit Leidenschaft f\u00fcr Spiele und logistischer Power aus dem Ruhrgebiet bringt Blackfire Marken, H\u00e4ndler und Communities zusammen. Von Trading Cards \u00fcber Brettspiele bis Zubeh\u00f6r \u2013 wir liefern europaweit, schaffen Erlebnisse und vernetzen Marken mit Fans.","robots":{"index":"index","follow":"follow","max-snippet":"max-snippet:-1","max-image-preview":"max-image-preview:large","max-video-preview":"max-video-preview:-1"},"canonical":"https:\/\/business.blackfire.eu\/de\/","og_locale":"de_DE","og_type":"article","og_title":"Startseite - Blackfire","og_description":"Mit Leidenschaft f\u00fcr Spiele und logistischer Power aus dem Ruhrgebiet bringt Blackfire Marken, H\u00e4ndler und Communities zusammen. Von Trading Cards \u00fcber Brettspiele bis Zubeh\u00f6r \u2013 wir liefern europaweit, schaffen Erlebnisse und vernetzen Marken mit Fans.","og_url":"https:\/\/business.blackfire.eu\/de\/","og_site_name":"Blackfire","article_modified_time":"2025-12-17T12:26:35+00:00","twitter_card":"summary_large_image","schema":{"@context":"https:\/\/schema.org","@graph":[{"@type":"WebPage","@id":"https:\/\/business.blackfire.eu\/de\/","url":"https:\/\/business.blackfire.eu\/de\/","name":"Startseite - Blackfire","isPartOf":{"@id":"https:\/\/business.blackfire.eu\/de\/#website"},"datePublished":"2025-09-09T12:39:54+00:00","dateModified":"2025-12-17T12:26:35+00:00","description":"Mit Leidenschaft f\u00fcr Spiele und logistischer Power aus dem Ruhrgebiet bringt Blackfire Marken, H\u00e4ndler und Communities zusammen. Von Trading Cards \u00fcber Brettspiele bis Zubeh\u00f6r \u2013 wir liefern europaweit, schaffen Erlebnisse und vernetzen Marken mit Fans.","breadcrumb":{"@id":"https:\/\/business.blackfire.eu\/de\/#breadcrumb"},"inLanguage":"de","potentialAction":[{"@type":"ReadAction","target":["https:\/\/business.blackfire.eu\/de\/"]}]},{"@type":"BreadcrumbList","@id":"https:\/\/business.blackfire.eu\/de\/#breadcrumb","itemListElement":[{"@type":"ListItem","position":1,"name":"Startseite","item":"https:\/\/business.blackfire.eu\/de\/"},{"@type":"ListItem","position":2,"name":"Startseite"}]},{"@type":"WebSite","@id":"https:\/\/business.blackfire.eu\/de\/#website","url":"https:\/\/business.blackfire.eu\/de\/","name":"Blackfire","description":"","potentialAction":[{"@type":"SearchAction","target":{"@type":"EntryPoint","urlTemplate":"https:\/\/business.blackfire.eu\/de\/?s={search_term_string}"},"query-input":{"@type":"PropertyValueSpecification","valueRequired":true,"valueName":"search_term_string"}}],"inLanguage":"de"}]}},"_links":{"self":[{"href":"https:\/\/business.blackfire.eu\/de\/wp-json\/wp\/v2\/pages\/15","targetHints":{"allow":["GET"]}}],"collection":[{"href":"https:\/\/business.blackfire.eu\/de\/wp-json\/wp\/v2\/pages"}],"about":[{"href":"https:\/\/business.blackfire.eu\/de\/wp-json\/wp\/v2\/types\/page"}],"author":[{"embeddable":true,"href":"https:\/\/business.blackfire.eu\/de\/wp-json\/wp\/v2\/users\/2"}],"replies":[{"embeddable":true,"href":"https:\/\/business.blackfire.eu\/de\/wp-json\/wp\/v2\/comments?post=15"}],"version-history":[{"count":81,"href":"https:\/\/business.blackfire.eu\/de\/wp-json\/wp\/v2\/pages\/15\/revisions"}],"predecessor-version":[{"id":945,"href":"https:\/\/business.blackfire.eu\/de\/wp-json\/wp\/v2\/pages\/15\/revisions\/945"}],"wp:attachment":[{"href":"https:\/\/business.blackfire.eu\/de\/wp-json\/wp\/v2\/media?parent=15"}],"curies":[{"name":"wp","href":"https:\/\/api.w.org\/{rel}","templated":true}]}}