{"id":391,"date":"2025-10-15T13:07:42","date_gmt":"2025-10-15T11:07:42","guid":{"rendered":"https:\/\/business.blackfire.eu\/?page_id=391"},"modified":"2025-12-17T13:36:05","modified_gmt":"2025-12-17T12:36:05","slug":"haendler-shops","status":"publish","type":"page","link":"https:\/\/business.blackfire.eu\/de\/haendler-shops\/","title":{"rendered":"H\u00e4ndler &#038; Shops"},"content":{"rendered":"","protected":false},"excerpt":{"rendered":"","protected":false},"author":3,"featured_media":0,"parent":0,"menu_order":0,"comment_status":"closed","ping_status":"closed","template":"template_acf.php","meta":{"_acf_changed":false,"footnotes":""},"class_list":["post-391","page","type-page","status-publish","hentry"],"acf":[],"yoast_head":"<!-- This site is optimized with the Yoast SEO plugin v26.4 - https:\/\/yoast.com\/wordpress\/plugins\/seo\/ -->\n<title>H\u00e4ndler &amp; Shops - Blackfire<\/title>\n<meta name=\"description\" content=\"Werden Sie Fach\u00adh\u00e4ndler oder Shop-Partner von ADC Blackfire Entertainment GmbH: Gro\u00dfhandel, Spezialversand, Marken-Portfolio und Services f\u00fcr Ihr Gesch\u00e4ft im Spiele- und Trading-Card-Bereich.\" \/>\n<meta name=\"robots\" content=\"index, follow, max-snippet:-1, max-image-preview:large, max-video-preview:-1\" \/>\n<link rel=\"canonical\" href=\"https:\/\/business.blackfire.eu\/de\/haendler-shops\/\" \/>\n<meta property=\"og:locale\" content=\"de_DE\" \/>\n<meta property=\"og:type\" content=\"article\" \/>\n<meta property=\"og:title\" content=\"H\u00e4ndler &amp; Shops - Blackfire\" \/>\n<meta property=\"og:description\" content=\"Werden Sie Fach\u00adh\u00e4ndler oder Shop-Partner von ADC Blackfire Entertainment GmbH: Gro\u00dfhandel, Spezialversand, Marken-Portfolio und Services f\u00fcr Ihr Gesch\u00e4ft im Spiele- und Trading-Card-Bereich.\" \/>\n<meta property=\"og:url\" content=\"https:\/\/business.blackfire.eu\/de\/haendler-shops\/\" \/>\n<meta property=\"og:site_name\" content=\"Blackfire\" \/>\n<meta property=\"article:modified_time\" content=\"2025-12-17T12:36:05+00:00\" \/>\n<meta name=\"twitter:card\" content=\"summary_large_image\" \/>\n<script type=\"application\/ld+json\" class=\"yoast-schema-graph\">{\"@context\":\"https:\/\/schema.org\",\"@graph\":[{\"@type\":\"WebPage\",\"@id\":\"https:\/\/business.blackfire.eu\/de\/haendler-shops\/\",\"url\":\"https:\/\/business.blackfire.eu\/de\/haendler-shops\/\",\"name\":\"H\u00e4ndler & Shops - Blackfire\",\"isPartOf\":{\"@id\":\"https:\/\/business.blackfire.eu\/de\/#website\"},\"datePublished\":\"2025-10-15T11:07:42+00:00\",\"dateModified\":\"2025-12-17T12:36:05+00:00\",\"description\":\"Werden Sie Fach\u00adh\u00e4ndler oder Shop-Partner von ADC Blackfire Entertainment GmbH: Gro\u00dfhandel, Spezialversand, Marken-Portfolio und Services f\u00fcr Ihr Gesch\u00e4ft im Spiele- und Trading-Card-Bereich.\",\"breadcrumb\":{\"@id\":\"https:\/\/business.blackfire.eu\/de\/haendler-shops\/#breadcrumb\"},\"inLanguage\":\"de\",\"potentialAction\":[{\"@type\":\"ReadAction\",\"target\":[\"https:\/\/business.blackfire.eu\/de\/haendler-shops\/\"]}]},{\"@type\":\"BreadcrumbList\",\"@id\":\"https:\/\/business.blackfire.eu\/de\/haendler-shops\/#breadcrumb\",\"itemListElement\":[{\"@type\":\"ListItem\",\"position\":1,\"name\":\"Startseite\",\"item\":\"https:\/\/business.blackfire.eu\/de\/\"},{\"@type\":\"ListItem\",\"position\":2,\"name\":\"H\u00e4ndler &#038; Shops\"}]},{\"@type\":\"WebSite\",\"@id\":\"https:\/\/business.blackfire.eu\/de\/#website\",\"url\":\"https:\/\/business.blackfire.eu\/de\/\",\"name\":\"Blackfire\",\"description\":\"\",\"potentialAction\":[{\"@type\":\"SearchAction\",\"target\":{\"@type\":\"EntryPoint\",\"urlTemplate\":\"https:\/\/business.blackfire.eu\/de\/?s={search_term_string}\"},\"query-input\":{\"@type\":\"PropertyValueSpecification\",\"valueRequired\":true,\"valueName\":\"search_term_string\"}}],\"inLanguage\":\"de\"}]}<\/script>\n<!-- \/ Yoast SEO plugin. -->","yoast_head_json":{"title":"H\u00e4ndler & Shops - Blackfire","description":"Werden Sie Fach\u00adh\u00e4ndler oder Shop-Partner von ADC Blackfire Entertainment GmbH: Gro\u00dfhandel, Spezialversand, Marken-Portfolio und Services f\u00fcr Ihr Gesch\u00e4ft im Spiele- und Trading-Card-Bereich.","robots":{"index":"index","follow":"follow","max-snippet":"max-snippet:-1","max-image-preview":"max-image-preview:large","max-video-preview":"max-video-preview:-1"},"canonical":"https:\/\/business.blackfire.eu\/de\/haendler-shops\/","og_locale":"de_DE","og_type":"article","og_title":"H\u00e4ndler & Shops - Blackfire","og_description":"Werden Sie Fach\u00adh\u00e4ndler oder Shop-Partner von ADC Blackfire Entertainment GmbH: Gro\u00dfhandel, Spezialversand, Marken-Portfolio und Services f\u00fcr Ihr Gesch\u00e4ft im Spiele- und Trading-Card-Bereich.","og_url":"https:\/\/business.blackfire.eu\/de\/haendler-shops\/","og_site_name":"Blackfire","article_modified_time":"2025-12-17T12:36:05+00:00","twitter_card":"summary_large_image","schema":{"@context":"https:\/\/schema.org","@graph":[{"@type":"WebPage","@id":"https:\/\/business.blackfire.eu\/de\/haendler-shops\/","url":"https:\/\/business.blackfire.eu\/de\/haendler-shops\/","name":"H\u00e4ndler & Shops - Blackfire","isPartOf":{"@id":"https:\/\/business.blackfire.eu\/de\/#website"},"datePublished":"2025-10-15T11:07:42+00:00","dateModified":"2025-12-17T12:36:05+00:00","description":"Werden Sie Fach\u00adh\u00e4ndler oder Shop-Partner von ADC Blackfire Entertainment GmbH: Gro\u00dfhandel, Spezialversand, Marken-Portfolio und Services f\u00fcr Ihr Gesch\u00e4ft im Spiele- und Trading-Card-Bereich.","breadcrumb":{"@id":"https:\/\/business.blackfire.eu\/de\/haendler-shops\/#breadcrumb"},"inLanguage":"de","potentialAction":[{"@type":"ReadAction","target":["https:\/\/business.blackfire.eu\/de\/haendler-shops\/"]}]},{"@type":"BreadcrumbList","@id":"https:\/\/business.blackfire.eu\/de\/haendler-shops\/#breadcrumb","itemListElement":[{"@type":"ListItem","position":1,"name":"Startseite","item":"https:\/\/business.blackfire.eu\/de\/"},{"@type":"ListItem","position":2,"name":"H\u00e4ndler &#038; Shops"}]},{"@type":"WebSite","@id":"https:\/\/business.blackfire.eu\/de\/#website","url":"https:\/\/business.blackfire.eu\/de\/","name":"Blackfire","description":"","potentialAction":[{"@type":"SearchAction","target":{"@type":"EntryPoint","urlTemplate":"https:\/\/business.blackfire.eu\/de\/?s={search_term_string}"},"query-input":{"@type":"PropertyValueSpecification","valueRequired":true,"valueName":"search_term_string"}}],"inLanguage":"de"}]}},"_links":{"self":[{"href":"https:\/\/business.blackfire.eu\/de\/wp-json\/wp\/v2\/pages\/391","targetHints":{"allow":["GET"]}}],"collection":[{"href":"https:\/\/business.blackfire.eu\/de\/wp-json\/wp\/v2\/pages"}],"about":[{"href":"https:\/\/business.blackfire.eu\/de\/wp-json\/wp\/v2\/types\/page"}],"author":[{"embeddable":true,"href":"https:\/\/business.blackfire.eu\/de\/wp-json\/wp\/v2\/users\/3"}],"replies":[{"embeddable":true,"href":"https:\/\/business.blackfire.eu\/de\/wp-json\/wp\/v2\/comments?post=391"}],"version-history":[{"count":17,"href":"https:\/\/business.blackfire.eu\/de\/wp-json\/wp\/v2\/pages\/391\/revisions"}],"predecessor-version":[{"id":947,"href":"https:\/\/business.blackfire.eu\/de\/wp-json\/wp\/v2\/pages\/391\/revisions\/947"}],"wp:attachment":[{"href":"https:\/\/business.blackfire.eu\/de\/wp-json\/wp\/v2\/media?parent=391"}],"curies":[{"name":"wp","href":"https:\/\/api.w.org\/{rel}","templated":true}]}}